{"id":281,"date":"2016-07-02T22:35:55","date_gmt":"2016-07-02T20:35:55","guid":{"rendered":"http:\/\/www.imkerverein-lehrte.de\/?page_id=281"},"modified":"2016-07-02T22:51:11","modified_gmt":"2016-07-02T20:51:11","slug":"75-jaehriges-vereinsbestehen","status":"publish","type":"page","link":"https:\/\/www.imkerverein-lehrte.de\/?page_id=281","title":{"rendered":"75 J\u00e4hriges Vereinsbestehen"},"content":{"rendered":"<p><strong>Unser Imkerverein Lehrte feierte 75j\u00e4hrigen Geburtstag<\/strong><\/p>\n<p>Es war ein sch\u00f6ner, sonniger Tag in Lehrte, als der Vorsitzende, Herr Peter Spitzenberg, die Feier am 6. Juli 2013 er\u00f6ffnete. Herr Fr\u00fchling (Vorsitzender Landesverband Hannoverscher Imker) und Herr Hoffmann (stellv. B\u00fcrgermeister in Lehrte) \u00fcberbrachten Gl\u00fcckw\u00fcnsche aus ihren Wirkungskreisen und \u00fcberreichten zugleich dem Verein \u201eGeburtstagsgeschenke\u201c, die uns gro\u00dfe Freude bereiteten. Auch die Verlegerin unserer gelungenen Festschrift, Frau Felicitas H\u00fcbner, gab uns die Ehre. Das war eine nette \u00dcberraschung. (Festschrift hier klicken.)<\/p>\n<p>Erwartungsgem\u00e4\u00df herrschte gute Stimmung, die durch ein \u00fcppiges Fr\u00fchst\u00fccksbuffet zus\u00e4tzlich befl\u00fcgelt wurde. Viele Vereinsmitglieder, von denen ich besonders Herrn Walter Baum, Frau Dora Strohkirch und Frau Ilse Spitzenberg wegen ihrer vielen Exponate und ihrer unerm\u00fcdlichen Beratungsarbeit hervorheben m\u00f6chte, sorgten mit einer lebendigen und sehr informativen Ausstellung rund um unser Hobby daf\u00fcr, bei den Besuchern aus der Stadt Lehrte f\u00fcr die Imkerei Interesse und Sympathie zu wecken. Ebenso dankenswert ist die aktive Mitwirkung von Herrn Konrad Framke (u.a. Schwarm auf Wildbau), vom Ehepaar Bruderek (u.a. bienenbesetzter Begattungskasten) und von Herrn Jan Gronwald (Schautafel, die anschlie\u00dfend auf der Hohnhorster Streuobstwiese aufgestellt werden soll). Gezeigt wurden u.a. Bienenwohnungen (Beuten, Bienenk\u00f6rbe, Zuchtk\u00e4sten u.a.), Arbeitsger\u00e4te, Werkzeuge, Bienenwaben, Schautafeln und etliches mehr. In einem selbstgebauten riesigen, naturgerecht eingerichteten Glaskasten (siehe Foto) konnten die Besucher sogar das Leben und Arbeiten von Honigbienen beobachten. Vielen Dank an alle, die zum Gelingen der Jubil\u00e4umsfeier beigetragen haben.<\/p>\n<p>Am Nachmittag wurde die Feier um einen Vortrag mit Pr\u00e4sentation zur Heilkunde mit Bienenprodukten erg\u00e4nzt. Apitherapie ist eine traditionelle Therapieform und z\u00e4hlt zu den konservativen Heilmethoden. Referent war Herr H. Albersmann, Heilpraktiker (und Imker!) aus Ostbevern . Die moderne Medizin ist vor allem im Bereich der Infektionen durch resistente Keime und schnelle Mutation von Viren, an ihre Grenzen gekommen. Immer aggressivere Desinfektionsmittel und die Weiterf\u00fchrung der bekannten Antibiotikastrategie sowie die Entwicklung neuer Impfstoffe, geben wenig Hoffnung auf dauerhaften Erfolg. Im Gegensatz dazu haben Bienenprodukte in tausenden von Jahren nichts von ihrer Wirksamkeit eingeb\u00fc\u00dft. Es gilt jetzt, dieses uralte Wissen wieder ins Bewusstsein zu bringen, Vertrauen f\u00fcr die Bienenheilkunde aufzubauen und ihre Wirksamkeit wissenschaftlich zu untermauern. Au\u00dferdem besteht die Notwendigkeit, die bereits in Studien sowie in Forschungsarbeiten ermittelten Ergebnisse f\u00fcr die Medizin anwendbar zu machen (www.mediapis.net).<\/p>\n<p>Zusammenfassend kann ich festststellen, es war eine w\u00fcrdige und gelungene Jubil\u00e4umsfeier und eine Demonstration der Identifikation der Mitglieder mit ihrem Verein. Die Veranstaltung wurde um einige Aktionen bereichert (z.B. Tombola oder Gewicht von Wachsbl\u00f6cken sch\u00e4tzen und damit Honig gewinnen u.a.), und bot auch Gelegenheit f\u00fcr vielf\u00e4ltige menschliche Begegnungen, auch \u00fcber die Grenzen des Imkervereins Lehrte hinaus.<\/p>\n<p>Dr. Asztalos (Webmaster)<\/p>\n","protected":false},"excerpt":{"rendered":"<p> <a class=\"continue-reading-link\" href=\"https:\/\/www.imkerverein-lehrte.de\/?page_id=281\"><\/a><\/p>\n","protected":false},"author":1,"featured_media":0,"parent":279,"menu_order":822,"comment_status":"closed","ping_status":"closed","template":"","meta":{"footnotes":""},"class_list":["post-281","page","type-page","status-publish","hentry"],"_links":{"self":[{"href":"https:\/\/www.imkerverein-lehrte.de\/index.php?rest_route=\/wp\/v2\/pages\/281","targetHints":{"allow":["GET"]}}],"collection":[{"href":"https:\/\/www.imkerverein-lehrte.de\/index.php?rest_route=\/wp\/v2\/pages"}],"about":[{"href":"https:\/\/www.imkerverein-lehrte.de\/index.php?rest_route=\/wp\/v2\/types\/page"}],"author":[{"embeddable":true,"href":"https:\/\/www.imkerverein-lehrte.de\/index.php?rest_route=\/wp\/v2\/users\/1"}],"replies":[{"embeddable":true,"href":"https:\/\/www.imkerverein-lehrte.de\/index.php?rest_route=%2Fwp%2Fv2%2Fcomments&post=281"}],"version-history":[{"count":1,"href":"https:\/\/www.imkerverein-lehrte.de\/index.php?rest_route=\/wp\/v2\/pages\/281\/revisions"}],"predecessor-version":[{"id":282,"href":"https:\/\/www.imkerverein-lehrte.de\/index.php?rest_route=\/wp\/v2\/pages\/281\/revisions\/282"}],"up":[{"embeddable":true,"href":"https:\/\/www.imkerverein-lehrte.de\/index.php?rest_route=\/wp\/v2\/pages\/279"}],"wp:attachment":[{"href":"https:\/\/www.imkerverein-lehrte.de\/index.php?rest_route=%2Fwp%2Fv2%2Fmedia&parent=281"}],"curies":[{"name":"wp","href":"https:\/\/api.w.org\/{rel}","templated":true}]}}