{"id":17,"date":"2016-02-20T20:45:33","date_gmt":"2016-02-20T19:45:33","guid":{"rendered":"http:\/\/localhost\/?page_id=17"},"modified":"2023-01-15T21:53:15","modified_gmt":"2023-01-15T20:53:15","slug":"links","status":"publish","type":"page","link":"https:\/\/www.imkerverein-lehrte.de\/?page_id=17","title":{"rendered":"Links"},"content":{"rendered":"<ul>\n<li><a href=\"https:\/\/www.deutscherimkerbund.de\/2-Willkommen\" target=\"_blank\" rel=\"noopener\">Deutscher Imkerbund<\/a> : der Dachverband der deutschen Imker<\/li>\n<li><a href=\"https:\/\/www.imkerlvhannover.de\" target=\"_blank\" rel=\"noopener\">Landesverband Hannoverscher Imker<\/a><\/li>\n<li><a href=\"https:\/\/www.kreisimkerverein-hannover.de\/\" target=\"_blank\" rel=\"noopener\">Kreisimkerverein Hannover <\/a>: Zusammenschluss der 13 Imkervereine in der Region Hannover<\/li>\n<li><a href=\"https:\/\/www.kreisimkerverein-hannover.de\/schulungen\" target=\"_blank\" rel=\"noopener\">Lehrg\u00e4nge im Kreisimkerverein Hannover<\/a><\/li>\n<li><a href=\"https:\/\/www.laves.niedersachsen.de\/startseite\/wir_uber_uns\/institute_fachdezernate\/institut-fuer-bienenkunde-celle-73995.html\" target=\"_blank\" rel=\"noopener\">Institut f\u00fcr Bienenkunde Celle <\/a>: Kompetenzzentrum f\u00fcr alle Belange der Bienenhaltung<\/li>\n<li><a href=\"https:\/\/www.wetter.rlp.de\/Internet\/global\/inetcntr.nsf\/dlr_web_full.xsp?src=X59QY4860Q&amp;p1=05Y4210002&amp;p3=D2KEU5C709&amp;p4=XJPZBV4849\">Varroa Wetter <\/a><span class=\"th2\">: Beurteilungs- und Planungshilfe f\u00fcr Varroazid-Anwendungen<\/span><\/li>\n<li><a href=\"https:\/\/survey123.arcgis.com\/share\/f9ad65fc04c44020832a561129875e53\">Deutschlandweites Bl\u00fchphasenmonitoring<\/a> <span style=\"font-family: Arial; font-size: small;\">: <\/span>Beobachtungen zum Bl\u00fchbeginn, der Bl\u00fchdauer und dem Bl\u00fchende der wichtigsten Trachtpflanzen werden erfasst.<\/li>\n<li><a href=\"https:\/\/www.garten.schule\/bienenfreundlicher-garten\/\">So wird der heimische Garten zum Bienenparadies!<\/a> :Hinweise zu einem Bienen freundlichen Garten.<\/li>\n<li><a href=\"http:\/\/www.hornissen.de\/\">Keine Angst vor Hornissen<\/a> : Hinweise rund um die Hornissen<\/li>\n<li><a href=\"https:\/\/www.ameisenschutzwarte.de\">Deutsche Ameisenschutzwarte (DASW) Landesverband Niedersachsen e.V.<\/a> : Informationen zu der T\u00e4tigkeit der Ameisenschutzwarte<\/li>\n<li><a href=\"https:\/\/www.die-honigmacher.de\/index.html\" target=\"_blank\" rel=\"noopener noreferrer\">Die Honigmacher<\/a> : Die Seite dient der Nachwuchsf\u00f6rderung und der Fortbildung von Imkern und Imkerinnen.<\/li>\n<li><a href=\"https:\/\/www.youtube.com\/@lavesbieneninstitutcelle\/featured\">Youtube Kanal des Bieneninstituts Celle<\/a><\/li>\n<\/ul>\n\n","protected":false},"excerpt":{"rendered":"<p> <a class=\"continue-reading-link\" href=\"https:\/\/www.imkerverein-lehrte.de\/?page_id=17\"><\/a><\/p>\n","protected":false},"author":1,"featured_media":0,"parent":0,"menu_order":60,"comment_status":"closed","ping_status":"closed","template":"","meta":{"footnotes":""},"class_list":["post-17","page","type-page","status-publish","hentry"],"_links":{"self":[{"href":"https:\/\/www.imkerverein-lehrte.de\/index.php?rest_route=\/wp\/v2\/pages\/17","targetHints":{"allow":["GET"]}}],"collection":[{"href":"https:\/\/www.imkerverein-lehrte.de\/index.php?rest_route=\/wp\/v2\/pages"}],"about":[{"href":"https:\/\/www.imkerverein-lehrte.de\/index.php?rest_route=\/wp\/v2\/types\/page"}],"author":[{"embeddable":true,"href":"https:\/\/www.imkerverein-lehrte.de\/index.php?rest_route=\/wp\/v2\/users\/1"}],"replies":[{"embeddable":true,"href":"https:\/\/www.imkerverein-lehrte.de\/index.php?rest_route=%2Fwp%2Fv2%2Fcomments&post=17"}],"version-history":[{"count":10,"href":"https:\/\/www.imkerverein-lehrte.de\/index.php?rest_route=\/wp\/v2\/pages\/17\/revisions"}],"predecessor-version":[{"id":1090,"href":"https:\/\/www.imkerverein-lehrte.de\/index.php?rest_route=\/wp\/v2\/pages\/17\/revisions\/1090"}],"wp:attachment":[{"href":"https:\/\/www.imkerverein-lehrte.de\/index.php?rest_route=%2Fwp%2Fv2%2Fmedia&parent=17"}],"curies":[{"name":"wp","href":"https:\/\/api.w.org\/{rel}","templated":true}]}}