{"id":146,"date":"2016-02-27T21:38:43","date_gmt":"2016-02-27T20:38:43","guid":{"rendered":"http:\/\/localhost\/?page_id=146"},"modified":"2025-02-20T17:00:51","modified_gmt":"2025-02-20T16:00:51","slug":"imker-in-ihrer-naehe","status":"publish","type":"page","link":"https:\/\/www.imkerverein-lehrte.de\/?page_id=146","title":{"rendered":"Imker in Ihrer N\u00e4he"},"content":{"rendered":"<p>Sie m\u00f6chten Honig von einem Imker aus Ihrer N\u00e4he kaufen? Oder haben eine Bienenschwarm in Ihrem Garten und brauchen Hilfe? Dann wenden Sie sich vertrauensvoll an einen unser hier aufgef\u00fchrten Vereinsmitglieder.<\/p>\n<table style=\"height: 113px; width: 88.762609%; border-color: #000000;\">\n<tbody>\n<tr style=\"height: 24px;\">\n<td style=\"width: 13.616897%; height: 24px;\"><strong> Ort<\/strong><\/td>\n<td style=\"width: 33.866833%; height: 24px;\"><strong>Imker<\/strong><\/td>\n<td style=\"width: 58.956455%; height: 24px;\"><strong>Angebot<\/strong><\/td>\n<\/tr>\n<tr style=\"height: 166px;\">\n<td style=\"width: 13.616897%; height: 166px; text-align: left;\">Algermissen<\/td>\n<td style=\"width: 33.866833%; height: 166px;\"><strong>Heike u. Frank Klein<br \/><\/strong>In den Dorf\u00e4ckern 22<br \/>31191 Algermissen<br \/>Tel. 05126 \/ 96060<\/td>\n<td style=\"width: 58.956455%; height: 166px;\">Honigverkauf<br \/>Pate ( zum gucken \/ zur Information )<\/td>\n<\/tr>\n<tr style=\"height: 166px;\">\n<td style=\"width: 13.616897%; height: 166px; text-align: left;\">H\u00e4melerwald<\/td>\n<td style=\"width: 33.866833%; height: 166px;\"><strong>Gunter Storz<\/strong><br \/>Libellenring 27<br \/>31275 Lehrte-H\u00e4melerwald<br \/>Tel. 05175\/4064<\/td>\n<td style=\"width: 58.956455%; height: 166px;\">Bei mir gibt es Raps- und Sommertrachthonig aus der Umgebung von Lehrte und H\u00e4melerwald im Glas des Deutschen Imkerbundes.<\/td>\n<\/tr>\n<tr style=\"height: 24px;\">\n<td style=\"width: 13.616897%; height: 24px;\">Hohenhameln<\/td>\n<td style=\"width: 33.866833%; height: 24px;\">\n<p style=\"text-align: left;\"><strong>Henner Pfeiffer<br \/><\/strong>Stiegeweg 6<br \/>31249 Hohenhameln<br \/>Tel. 05128\/7532<strong><br \/><\/strong><\/p>\n<\/td>\n<td style=\"width: 58.956455%; height: 24px;\">Ich habe Bienenv\u00f6lker abzugeben.<br \/>Bei mir gibt es Honig aus der Umgebung von Hohenhameln<\/td>\n<\/tr>\n<tr style=\"height: 24px;\">\n<td style=\"width: 13.616897%; height: 24px;\">Lehrte<\/td>\n<td style=\"width: 33.866833%; height: 24px;\">\n<p style=\"text-align: left;\"><strong>Markus Toloczyki<\/strong><br \/>Beethovenring 33<br \/>31275 Lehrte<br \/>Tel. 05132-56650<br \/>markus_toloczyki(at)web.de<\/p>\n<\/td>\n<td style=\"width: 58.956455%; height: 24px;\">Bienenhaltung im Kleing\u00e4rtnerverein Waldfrieden, Lehrte<br \/>Honigverkauf nach der Ernte in kleinen Mengen<br \/>Kl\u00f6nschnack im Garten zur Imkerei<br \/>Betreuung der Neu-Imker<\/td>\n<\/tr>\n<tr>\n<td style=\"width: 13.616897%;\">Rethmar<\/td>\n<td style=\"width: 33.866833%;\">\n<p style=\"text-align: left;\"><strong>Matthias Schl\u00f6rholz<br \/><\/strong>Vorwerks Garten 14<br \/>31319 Rethmar<br \/>Tel. 0<span dir=\"ltr\">170 2928815<br \/><\/span><span dir=\"ltr\"><a href=\"mailto:honig@schloerholz.de\">h<\/a><\/span><span dir=\"ltr\"><a href=\"mailto:honig@schloerholz.de\">onig@schloerholz.de<\/a><\/span><span dir=\"ltr\"><br \/><\/span><span dir=\"ltr\"><a href=\"https:\/\/www.schloerholz.de\/\" target=\"_blank\" rel=\"noopener\">www.schloerholz.de<\/a><\/span><strong><span dir=\"ltr\"><br \/><\/span><\/strong><\/p>\n<\/td>\n<td style=\"width: 58.956455%;\">Regionaler Honig von Bienen mit Standort Bioland-G\u00e4rtnerei Kiebitz Verkauf vor Ort sowie Lieferung mit dem <span dir=\"ltr\"><a href=\"https:\/\/rethmar.honigfahrrad.de\/\" target=\"_blank\" rel=\"noopener\">Honigfahrrad.de<\/a><br \/><\/span>Obmann f\u00fcr Bienenwachs, \u00fcberregionale Bienenwachskurse.<\/td>\n<\/tr>\n<\/tbody>\n<\/table>\n\n","protected":false},"excerpt":{"rendered":"<p> <a class=\"continue-reading-link\" href=\"https:\/\/www.imkerverein-lehrte.de\/?page_id=146\"><\/a><\/p>\n","protected":false},"author":1,"featured_media":0,"parent":6,"menu_order":0,"comment_status":"closed","ping_status":"closed","template":"","meta":{"footnotes":""},"class_list":["post-146","page","type-page","status-publish","hentry"],"_links":{"self":[{"href":"https:\/\/www.imkerverein-lehrte.de\/index.php?rest_route=\/wp\/v2\/pages\/146","targetHints":{"allow":["GET"]}}],"collection":[{"href":"https:\/\/www.imkerverein-lehrte.de\/index.php?rest_route=\/wp\/v2\/pages"}],"about":[{"href":"https:\/\/www.imkerverein-lehrte.de\/index.php?rest_route=\/wp\/v2\/types\/page"}],"author":[{"embeddable":true,"href":"https:\/\/www.imkerverein-lehrte.de\/index.php?rest_route=\/wp\/v2\/users\/1"}],"replies":[{"embeddable":true,"href":"https:\/\/www.imkerverein-lehrte.de\/index.php?rest_route=%2Fwp%2Fv2%2Fcomments&post=146"}],"version-history":[{"count":18,"href":"https:\/\/www.imkerverein-lehrte.de\/index.php?rest_route=\/wp\/v2\/pages\/146\/revisions"}],"predecessor-version":[{"id":1497,"href":"https:\/\/www.imkerverein-lehrte.de\/index.php?rest_route=\/wp\/v2\/pages\/146\/revisions\/1497"}],"up":[{"embeddable":true,"href":"https:\/\/www.imkerverein-lehrte.de\/index.php?rest_route=\/wp\/v2\/pages\/6"}],"wp:attachment":[{"href":"https:\/\/www.imkerverein-lehrte.de\/index.php?rest_route=%2Fwp%2Fv2%2Fmedia&parent=146"}],"curies":[{"name":"wp","href":"https:\/\/api.w.org\/{rel}","templated":true}]}}